{"id":106,"date":"2015-08-22T10:58:46","date_gmt":"2015-08-22T10:58:46","guid":{"rendered":"http:\/\/demo.awethemes.com\/hillter\/?page_id=106"},"modified":"2020-01-10T19:24:54","modified_gmt":"2020-01-10T17:24:54","slug":"contact","status":"publish","type":"page","link":"https:\/\/papayagardenhomes.com\/tr\/contact\/","title":{"rendered":"\u0130leti\u015fim"},"content":{"rendered":"<p>[vc_row full_width=&#8221;stretch_row&#8221; parallax=&#8221;content-moving&#8221; parallax_image=&#8221;4039&#8243; css=&#8221;.vc_custom_1577525642816{padding-top: 150px !important;padding-bottom: 80px !important;}&#8221;][vc_column]<div class=\"awe-special-heading text-center\" style=\"color:#ffffff;\"><h2>KONUM &amp; \u0130LET\u0130\u015e\u0130M<\/h2><div class=\"awe-subheading below\"><p>Gazipa\u015fa Havaliman\u0131na 10 dakika (10 km) , Alanya&#039;ya 30 km uzakl\u0131kta, orman ve denizle i\u00e7 i\u00e7e<\/p><\/div><\/div>[\/vc_column][\/vc_row][vc_row css=&#8221;.vc_custom_1486438573732{margin-bottom: 80px !important;}&#8221;][vc_column width=&#8221;1\/2&#8243;][vc_column_text size=&#8221;0&#8243;]<\/p>\n<h2>B\u0130ZE YAZIN<\/h2>\n<p>Hotelimiz hakk\u0131nda \u00f6\u011frenmek istedi\u011finiz her konuda bizlere yazabilirsiniz. Mesaj\u0131n\u0131z ile ilgili size en k\u0131sa s\u00fcrede cevap verilecektir.[\/vc_column_text][vc_raw_html]JTNDZGl2JTIwY2xhc3MlM0QlMjJjb250YWN0JTIyJTNFJTBBJTA5JTNDdWwlMjBjbGFzcyUzRCUyMnRleHQlMjIlM0UlMEElMDklMjAlMjAlMjAlMjAlM0NsaSUzRSUzQ2klMjBjbGFzcyUzRCUyMmljb24lMjBoaWxsdGVyLWljb24tbG9jYXRpb24lMjIlM0UlM0MlMkZpJTNFJTIwVSVDNCU5RnJhayUyME1haGFsbGVzaSUyQyUyMEF5ZGFwJTIwU29rLiUyME5vJTNBNDglMkMlMjBBbGFueWElM0MlMkZsaSUzRSUwQSUwOSUyMCUyMCUyMCUyMCUzQ2xpJTNFJTNDaSUyMGNsYXNzJTNEJTIyaWNvbiUyMGhpbGx0ZXItaWNvbi1waG9uZSUyMiUzRSUzQyUyRmklM0UlMjAlM0NhJTIwaHJlZiUzRCUyMnRlbCUzQSUyQjkwNTA1NDU3NDQ0NCUyMiUzRSUyQjkwJTIwNTA1JTIwNDU3JTIwNDQlMjA0NCUzQyUyRmElM0UlM0MlMkZsaSUzRSUwQSUwOSUyMCUyMCUyMCUyMCUzQ2xpJTNFJTNDaSUyMGNsYXNzJTNEJTIyaWNvbiUyMGZhJTIwZmEtZW52ZWxvcGUtbyUyMiUzRSUzQyUyRmklM0UlM0NhJTIwaHJlZiUzRCUyMm1haWx0byUzQWluZm8lNDBwYXBheWFnYXJkZW5ob21lcy5jb20lMjIlM0VpbmZvJTQwcGFwYXlhZ2FyZGVuaG9tZXMuY29tJTNDJTJGYSUzRSUzQyUyRmxpJTNFJTBBJTA5JTNDJTJGdWwlM0UlMEElM0MlMkZkaXYlM0U=[\/vc_raw_html][\/vc_column][vc_column width=&#8221;1\/2&#8243;]<div role=\"form\" class=\"wpcf7\" id=\"wpcf7-f4062-o1\" lang=\"tr-TR\" dir=\"ltr\">\n<div class=\"screen-reader-response\"><p role=\"status\" aria-live=\"polite\" aria-atomic=\"true\"><\/p> <ul><\/ul><\/div>\n<form action=\"\/tr\/wp-json\/wp\/v2\/pages\/106#wpcf7-f4062-o1\" method=\"post\" class=\"wpcf7-form init\" novalidate=\"novalidate\" data-status=\"init\">\n<div style=\"display: none;\">\n<input type=\"hidden\" name=\"_wpcf7\" value=\"4062\" \/>\n<input type=\"hidden\" name=\"_wpcf7_version\" value=\"5.5.6.1\" \/>\n<input type=\"hidden\" name=\"_wpcf7_locale\" value=\"tr_TR\" \/>\n<input type=\"hidden\" name=\"_wpcf7_unit_tag\" value=\"wpcf7-f4062-o1\" \/>\n<input type=\"hidden\" name=\"_wpcf7_container_post\" value=\"0\" \/>\n<input type=\"hidden\" name=\"_wpcf7_posted_data_hash\" value=\"\" \/>\n<input type=\"hidden\" name=\"_wpcf7_recaptcha_response\" value=\"\" \/>\n<\/div>\n<div class=\"contact-form\">\n<div class=\"row\">\n<div class=\"col-sm-6\">\n\t\t\t<span class=\"wpcf7-form-control-wrap text-name\"><input type=\"text\" name=\"text-name\" value=\"\" size=\"40\" class=\"wpcf7-form-control wpcf7-text wpcf7-validates-as-required field-text\" aria-required=\"true\" aria-invalid=\"false\" placeholder=\"Ad,Soyad*\" \/><\/span>\n\t\t<\/div>\n<div class=\"col-sm-6\">\n\t\t\t<span class=\"wpcf7-form-control-wrap text-email\"><input type=\"email\" name=\"text-email\" value=\"\" size=\"40\" class=\"wpcf7-form-control wpcf7-text wpcf7-email wpcf7-validates-as-required wpcf7-validates-as-email field-text\" aria-required=\"true\" aria-invalid=\"false\" placeholder=\"Email*\" \/><\/span>\n\t\t<\/div>\n<div class=\"col-sm-12\">\n\t\t\t<span class=\"wpcf7-form-control-wrap text-subject\"><input type=\"text\" name=\"text-subject\" value=\"\" size=\"40\" class=\"wpcf7-form-control wpcf7-text wpcf7-validates-as-required field-text\" aria-required=\"true\" aria-invalid=\"false\" placeholder=\"Konu*\" \/><\/span>\n\t\t<\/div>\n<div class=\"col-sm-12\">\n\t\t\t<span class=\"wpcf7-form-control-wrap textarea-message\"><textarea name=\"textarea-message\" cols=\"40\" rows=\"10\" class=\"wpcf7-form-control wpcf7-textarea field-textarea\" aria-invalid=\"false\">Mesaj\u0131n\u0131z<\/textarea><\/span>\n\t\t<\/div>\n<div class=\"col-sm-6\">\n\t\t\t<input type=\"submit\" value=\"G\u00f6nder\" class=\"wpcf7-form-control has-spinner wpcf7-submit awe-btn awe-btn-default\" \/>\n\t\t<\/div>\n<\/div>\n<\/div>\n<div class=\"wpcf7-response-output\" aria-hidden=\"true\"><\/div><\/form><\/div>[\/vc_column][\/vc_row][vc_row full_width=&#8221;stretch_row_content_no_spaces&#8221; css=&#8221;.vc_custom_1440979319669{margin-bottom: 0px !important;}&#8221;][vc_column][hillter_gmaps id=&#8221;map-5e0649259da0d&#8221; height=&#8221;450px&#8221; lat=&#8221;36.340987&#8243; lng=&#8221;32.2134782&#8243; zoom=&#8221;12&#8243; scrollwheel=&#8221;false&#8221; fullscreen_control=&#8221;true&#8221; googleapis_key=&#8221;AIzaSyBfZtKW8JB1aDlOQ7EPa9C6rWRLICqf_Ck&#8221; markers=&#8221;%5B%7B%22label%22%3A%22Papaya%20Garden%20Homes%22%2C%22lat%22%3A%2236.340987%22%2C%22lng%22%3A%2232.2134782%22%2C%22content%22%3A%22U%C4%9Frak%20Mahallesi%2C%20Aydap%20Sok.%20No%3A48%2C%20Alanya%22%7D%5D&#8221; dialog_title=&#8221;Papaya Garden Homes&#8221;][\/vc_column][\/vc_row]<\/p>","protected":false},"excerpt":{"rendered":"<p>[vc_row full_width=&#8221;stretch_row&#8221; parallax=&#8221;content-moving&#8221; parallax_image=&#8221;4039&#8243; css=&#8221;.vc_custom_1577525642816{padding-top: 150px !important;padding-bottom: 80px !important;}&#8221;][vc_column][\/vc_column][\/vc_row][vc_row css=&#8221;.vc_custom_1486438573732{margin-bottom: 80px !important;}&#8221;][vc_column width=&#8221;1\/2&#8243;][vc_column_text size=&#8221;0&#8243;] B\u0130ZE YAZIN Hotelimiz hakk\u0131nda \u00f6\u011frenmek istedi\u011finiz her konuda bizlere yazabilirsiniz. Mesaj\u0131n\u0131z ile ilgili size en k\u0131sa s\u00fcrede cevap verilecektir.[\/vc_column_text][vc_raw_html]JTNDZGl2JTIwY2xhc3MlM0QlMjJjb250YWN0JTIyJTNFJTBBJTA5JTNDdWwlMjBjbGFzcyUzRCUyMnRleHQlMjIlM0UlMEElMDklMjAlMjAlMjAlMjAlM0NsaSUzRSUzQ2klMjBjbGFzcyUzRCUyMmljb24lMjBoaWxsdGVyLWljb24tbG9jYXRpb24lMjIlM0UlM0MlMkZpJTNFJTIwVSVDNCU5RnJhayUyME1haGFsbGVzaSUyQyUyMEF5ZGFwJTIwU29rLiUyME5vJTNBNDglMkMlMjBBbGFueWElM0MlMkZsaSUzRSUwQSUwOSUyMCUyMCUyMCUyMCUzQ2xpJTNFJTNDaSUyMGNsYXNzJTNEJTIyaWNvbiUyMGhpbGx0ZXItaWNvbi1waG9uZSUyMiUzRSUzQyUyRmklM0UlMjAlM0NhJTIwaHJlZiUzRCUyMnRlbCUzQSUyQjkwNTA1NDU3NDQ0NCUyMiUzRSUyQjkwJTIwNTA1JTIwNDU3JTIwNDQlMjA0NCUzQyUyRmElM0UlM0MlMkZsaSUzRSUwQSUwOSUyMCUyMCUyMCUyMCUzQ2xpJTNFJTNDaSUyMGNsYXNzJTNEJTIyaWNvbiUyMGZhJTIwZmEtZW52ZWxvcGUtbyUyMiUzRSUzQyUyRmklM0UlM0NhJTIwaHJlZiUzRCUyMm1haWx0byUzQWluZm8lNDBwYXBheWFnYXJkZW5ob21lcy5jb20lMjIlM0VpbmZvJTQwcGFwYXlhZ2FyZGVuaG9tZXMuY29tJTNDJTJGYSUzRSUzQyUyRmxpJTNFJTBBJTA5JTNDJTJGdWwlM0UlMEElM0MlMkZkaXYlM0U=[\/vc_raw_html][\/vc_column][vc_column width=&#8221;1\/2&#8243;][\/vc_column][\/vc_row][vc_row full_width=&#8221;stretch_row_content_no_spaces&#8221; css=&#8221;.vc_custom_1440979319669{margin-bottom: 0px !important;}&#8221;][vc_column][hillter_gmaps id=&#8221;map-5e0649259da0d&#8221; height=&#8221;450px&#8221; lat=&#8221;36.340987&#8243; lng=&#8221;32.2134782&#8243; zoom=&#8221;12&#8243; scrollwheel=&#8221;false&#8221; fullscreen_control=&#8221;true&#8221; googleapis_key=&#8221;AIzaSyBfZtKW8JB1aDlOQ7EPa9C6rWRLICqf_Ck&#8221; markers=&#8221;%5B%7B%22label%22%3A%22Papaya%20Garden%20Homes%22%2C%22lat%22%3A%2236.340987%22%2C%22lng%22%3A%2232.2134782%22%2C%22content%22%3A%22U%C4%9Frak%20Mahallesi%2C%20Aydap%20Sok.%20No%3A48%2C%20Alanya%22%7D%5D&#8221; dialog_title=&#8221;Papaya Garden Homes&#8221;][\/vc_column][\/vc_row]<\/p>\n","protected":false},"author":1,"featured_media":0,"parent":0,"menu_order":0,"comment_status":"closed","ping_status":"closed","template":"","meta":[],"_links":{"self":[{"href":"https:\/\/papayagardenhomes.com\/tr\/wp-json\/wp\/v2\/pages\/106"}],"collection":[{"href":"https:\/\/papayagardenhomes.com\/tr\/wp-json\/wp\/v2\/pages"}],"about":[{"href":"https:\/\/papayagardenhomes.com\/tr\/wp-json\/wp\/v2\/types\/page"}],"author":[{"embeddable":true,"href":"https:\/\/papayagardenhomes.com\/tr\/wp-json\/wp\/v2\/users\/1"}],"replies":[{"embeddable":true,"href":"https:\/\/papayagardenhomes.com\/tr\/wp-json\/wp\/v2\/comments?post=106"}],"version-history":[{"count":4,"href":"https:\/\/papayagardenhomes.com\/tr\/wp-json\/wp\/v2\/pages\/106\/revisions"}],"predecessor-version":[{"id":4334,"href":"https:\/\/papayagardenhomes.com\/tr\/wp-json\/wp\/v2\/pages\/106\/revisions\/4334"}],"wp:attachment":[{"href":"https:\/\/papayagardenhomes.com\/tr\/wp-json\/wp\/v2\/media?parent=106"}],"curies":[{"name":"wp","href":"https:\/\/api.w.org\/{rel}","templated":true}]}}