{"id":65,"date":"2015-08-22T10:30:35","date_gmt":"2015-08-22T10:30:35","guid":{"rendered":"http:\/\/demo.awethemes.com\/hillter\/?page_id=65"},"modified":"2021-06-28T11:28:58","modified_gmt":"2021-06-28T08:28:58","slug":"about","status":"publish","type":"page","link":"https:\/\/papayagardenhomes.com\/tr\/about\/","title":{"rendered":"Hakk\u0131m\u0131zda"},"content":{"rendered":"<p>[vc_row full_width=&#8221;stretch_row&#8221; parallax=&#8221;content-moving&#8221; parallax_image=&#8221;4193&#8243; enable_overlay=&#8221;true&#8221; bg_overlay=&#8221;rgba(0,0,0,0.3)&#8221; css=&#8221;.vc_custom_1577875329848{padding-top: 150px !important;padding-bottom: 80px !important;}&#8221;][vc_column]<div class=\"awe-special-heading text-center\" style=\"color:#ffffff;\"><h2>PAPAYA GARDEN HOMES<\/h2><div class=\"awe-subheading below\"><p>G\u00fcne\u015fin, ye\u015fil ve maviyle dans\u0131na \u015fahitlik edece\u011finiz, ferah odalarda konforu ya\u015fayaca\u011f\u0131n\u0131z bir tatil sizi bekliyor.<\/p><\/div><\/div>[\/vc_column][\/vc_row][vc_row][vc_column width=&#8221;1\/2&#8243;][vc_single_image image=&#8221;4029&#8243; img_size=&#8221;large&#8221; onclick=&#8221;link_image&#8221;][\/vc_column][vc_column width=&#8221;1\/2&#8243;]<div class=\"awe-special-heading text-left\"><h2>HAKKIMIZDA<\/h2><\/div>[vc_column_text size=&#8221;0&#8243;]It is a long established fact that a reader will be distracted by the readable content of a page when looking at its layout. <b>The point of using Lorem Ipsum is that it has a more-or-less normal<\/b> distribution of letters, as opposed to using &#8216;Content here, content here&#8217;, making it look like readable English. Many desktop publishing<br \/>\npackages and web page editors now use Lorem Ipsum as their default model text, and a search for &#8216;lorem ipsum&#8217; will uncover many web sites still in their infancy.<\/p>\n<p>There are many variations of passages of Lorem Ipsum available, but the majority have suffered alteration in some form, by injected humour, or randomised words which don&#8217;t look even slightly believable. If you are going to use a passage of Lorem Ipsum, you need to be sure there isn&#8217;t anything embarrassing hidden in the middle of text.[\/vc_column_text][\/vc_column][\/vc_row][vc_row][vc_column width=&#8221;1\/2&#8243;]<div class=\"awe-special-heading text-left\"><h2 style=\"font-size:26px\">NEDEN &#039;PAPAYA GARDEN HOMES&#039; ?<\/h2><\/div>[vc_column_text size=&#8221;0&#8243;]<\/p>\n<p>It is a long established fact that a reader will be distracted by the readable content of a page when looking at its layout. The point of using Lorem Ipsum is that it has a more-or-less normal distribution of letters, as opposed to using &#8216;Content here, content here&#8217;, making it look like readable English. Many desktop publishing packages and web page editors now use Lorem Ipsum as their default model text, and a search for &#8216;lorem ipsum&#8217; will uncover many web sites still in their infancy. Various versions have evolved over the years, <b>sometimes by accident, sometimes on purpose<\/b> (injected humour and the like).<\/p>\n<p>[\/vc_column_text][\/vc_column][vc_column width=&#8221;1\/2&#8243;][vc_single_image image=&#8221;4030&#8243; img_size=&#8221;large&#8221; alignment=&#8221;right&#8221;][\/vc_column][\/vc_row][vc_row full_width=&#8221;stretch_row&#8221; parallax=&#8221;content-moving&#8221; parallax_image=&#8221;191&#8243; enable_overlay=&#8221;true&#8221; bg_overlay=&#8221;rgba(72,72,72,0.6)&#8221; css=&#8221;.vc_custom_1440559343883{padding-top: 50px !important;padding-bottom: 50px !important;}&#8221;][vc_column]<div class=\"awe-special-heading text-center\" style=\"color:#ffffff;\"><h2>YILDIZLAR<\/h2><div class=\"awe-subheading below\" style=\"font-size:30px\"><p>G\u0130B\u0130 H\u0130SSEDECEKS\u0130N\u0130Z<\/p><\/div><\/div>[vc_column_text size=&#8221;0&#8243;]<\/p>\n<p style=\"text-align: center;color: white\"><strong>Papaya<\/strong>\u2019n\u0131n sana sunaca\u011f\u0131 t\u00fcm ayr\u0131cal\u0131klar\u0131 hayat\u0131n\u0131n unutulmaz bir an\u0131na \u00e7evirmek senin elinde.<br \/>\n\u00c7\u00fcnk\u00fc <strong>Papaya<\/strong>, bu yaz seninle bamba\u015fka!<\/p>\n<p>[\/vc_column_text][\/vc_column][\/vc_row]<\/p>","protected":false},"excerpt":{"rendered":"<p>[vc_row full_width=&#8221;stretch_row&#8221; parallax=&#8221;content-moving&#8221; parallax_image=&#8221;4193&#8243; enable_overlay=&#8221;true&#8221; bg_overlay=&#8221;rgba(0,0,0,0.3)&#8221; css=&#8221;.vc_custom_1577875329848{padding-top: 150px !important;padding-bottom: 80px !important;}&#8221;][vc_column][\/vc_column][\/vc_row][vc_row][vc_column width=&#8221;1\/2&#8243;][vc_single_image image=&#8221;4029&#8243; img_size=&#8221;large&#8221; onclick=&#8221;link_image&#8221;][\/vc_column][vc_column width=&#8221;1\/2&#8243;][vc_column_text size=&#8221;0&#8243;]It is a long established fact that a reader will be distracted by the readable content of a page when looking at its layout. The point of using Lorem Ipsum is that it has a more-or-less normal distribution of &hellip;<\/p>\n","protected":false},"author":1,"featured_media":0,"parent":0,"menu_order":0,"comment_status":"closed","ping_status":"closed","template":"","meta":[],"_links":{"self":[{"href":"https:\/\/papayagardenhomes.com\/tr\/wp-json\/wp\/v2\/pages\/65"}],"collection":[{"href":"https:\/\/papayagardenhomes.com\/tr\/wp-json\/wp\/v2\/pages"}],"about":[{"href":"https:\/\/papayagardenhomes.com\/tr\/wp-json\/wp\/v2\/types\/page"}],"author":[{"embeddable":true,"href":"https:\/\/papayagardenhomes.com\/tr\/wp-json\/wp\/v2\/users\/1"}],"replies":[{"embeddable":true,"href":"https:\/\/papayagardenhomes.com\/tr\/wp-json\/wp\/v2\/comments?post=65"}],"version-history":[{"count":4,"href":"https:\/\/papayagardenhomes.com\/tr\/wp-json\/wp\/v2\/pages\/65\/revisions"}],"predecessor-version":[{"id":4342,"href":"https:\/\/papayagardenhomes.com\/tr\/wp-json\/wp\/v2\/pages\/65\/revisions\/4342"}],"wp:attachment":[{"href":"https:\/\/papayagardenhomes.com\/tr\/wp-json\/wp\/v2\/media?parent=65"}],"curies":[{"name":"wp","href":"https:\/\/api.w.org\/{rel}","templated":true}]}}