{"id":92,"date":"2015-08-22T10:47:13","date_gmt":"2015-08-22T10:47:13","guid":{"rendered":"http:\/\/demo.awethemes.com\/hillter\/?page_id=92"},"modified":"2020-01-01T17:52:29","modified_gmt":"2020-01-01T15:52:29","slug":"activities","status":"publish","type":"page","link":"https:\/\/papayagardenhomes.com\/tr\/activities\/","title":{"rendered":"Aktiviteler"},"content":{"rendered":"<p><\/p>\n<p>[vc_row full_width=&#8221;stretch_row&#8221; enable_overlay=&#8221;&#8221; css=&#8221;.vc_custom_1577893532769{padding-top: 150px !important;padding-bottom: 80px !important;background-image: url(http:\/\/papayagardenhomes.com\/wp-content\/uploads\/2020\/01\/header-activities.jpg?id=4221) !important;background-position: center !important;background-repeat: no-repeat !important;background-size: cover !important;}&#8221; el_class=&#8221;lbi-header-cover lbi-pos-x-right lbi-pos-y-center&#8221;][vc_column]<div class=\"awe-special-heading text-center\" style=\"color:#ffffff;\"><h2>AKT\u0130V\u0130TELER<\/h2><div class=\"awe-subheading below\"><p>Lorem Ipsum is simply dummy text<\/p><\/div><\/div>[\/vc_column][\/vc_row][vc_row css=&#8221;.vc_custom_1504584938216{padding-bottom: 90px !important;}&#8221;][vc_column]<div class=\"gallery\">\t\t\t<!--FILTER -->\n\t\t\t<div class=\"gallery-cat tax_filter text-center\">\n\t\t\t\t<ul class=\"list-inline\">\n\t\t\t\t\t<li class=\"active\"><a href=\"#\" data-filter=\"*\">T\u00fcm\u00fc<\/a><\/li>\n\t\t\t\t\t<li><a href=\"https:\/\/papayagardenhomes.com\/tr\/category\/diving\/\" data-filter=\".diving\">Dalma<\/a><\/li><li><a href=\"https:\/\/papayagardenhomes.com\/tr\/category\/fishing\/\" data-filter=\".fishing\">Bal\u0131k Av\u0131<\/a><\/li><li><a href=\"https:\/\/papayagardenhomes.com\/tr\/category\/fitness\/\" data-filter=\".fitness\">Fitness<\/a><\/li>\t\t\t\t<\/ul>\n\t\t\t<\/div>\n\t\t\t<!--END \/ FILTER -->\n\t\t\t\t\t<!-- content content -->\n\t\t\t<div class=\"gallery-content \">\n\t\t\t\t<div class=\"row\">\n\t\t\t\t\t<div class=\"gallery-isotope\">\n\t\t\t\t\t\t<!-- ITEM SIZE -->\n\t\t\t\t\t\t<div class=\"item-size col-xs-12 col-sm-6 col-md-4\"><\/div>\n\t\t\t\t\t\t<!-- END \/ ITEM SIZE -->\n\t\t\t\t\t\t\n\t\t\t<div class=\"item-isotope col-xs-12 col-sm-6 col-md-4  fishing\">\n\t\t\t\t<div class=\"activiti_item\">\n\t\t\t\t\t<div class=\"img\">\n\t\t\t\t\t\t<a href=\"https:\/\/papayagardenhomes.com\/tr\/fishing\/fishing-on-boat\/\"><img width=\"720\" height=\"430\" src=\"https:\/\/papayagardenhomes.com\/wp-content\/uploads\/2015\/08\/fishing-720x430.jpg\" class=\"attachment-awe-room-slider size-awe-room-slider wp-post-image\" alt=\"\" loading=\"lazy\" \/><\/a>\n\t\t\t\t\t<\/div>\n\n\t\t\t\t\t\t<div class=\"text\">\n\t\t\t\t\t\t\t\n\t\t\t\t\t\t\t<h3 ><a href=\"https:\/\/papayagardenhomes.com\/tr\/fishing\/fishing-on-boat\/\">Teknede Bal\u0131k Av\u0131<\/a><\/h3>\n\n\t\t\t\t\t\t\t\n\t\t\t\t\t\t\t\t\t\t\t\t\t\t\t<p><p>Lorem Ipsum is simply dummy text of the printing and typesetting industry. Lorem Ipsum has been the industry&#8217;s standard dummy text ever since the 1500s, when an unknown printer took a galley of type and scrambled it to make a type specimen book.<\/p>\n<\/p>\n\t\t\t\t\t\t\t\t<a href=\"https:\/\/papayagardenhomes.com\/tr\/fishing\/fishing-on-boat\/\" class=\"view-more\">Daha Fazla<i class=\"fa fa-chevron-right\"><\/i><\/a>\n\t\t\t\t\t\t\t\t\t\t\t\t\t<\/div>\n\t\t\t\t\t\n\t\t\t\t<\/div>\n\t\t\t<\/div>\n\t\t\n\t\t\t<div class=\"item-isotope col-xs-12 col-sm-6 col-md-4  fitness\">\n\t\t\t\t<div class=\"activiti_item\">\n\t\t\t\t\t<div class=\"img\">\n\t\t\t\t\t\t<a href=\"https:\/\/papayagardenhomes.com\/tr\/fitness\/keep-fit-on-holiday\/\"><img width=\"720\" height=\"430\" src=\"https:\/\/papayagardenhomes.com\/wp-content\/uploads\/2015\/08\/fitness-720x430.jpg\" class=\"attachment-awe-room-slider size-awe-room-slider wp-post-image\" alt=\"\" loading=\"lazy\" \/><\/a>\n\t\t\t\t\t<\/div>\n\n\t\t\t\t\t\t<div class=\"text\">\n\t\t\t\t\t\t\t\n\t\t\t\t\t\t\t<h3 ><a href=\"https:\/\/papayagardenhomes.com\/tr\/fitness\/keep-fit-on-holiday\/\">Tatilde fit kal\u0131n<\/a><\/h3>\n\n\t\t\t\t\t\t\t\n\t\t\t\t\t\t\t\t\t\t\t\t\t\t\t<p><p>Fusce sit amet hendrerit ligula. Ut molestie metus turpis, id pellentesque tortor consequat nec. Etiam a hendrerit elit, non vulputate lorem<\/p>\n<\/p>\n\t\t\t\t\t\t\t\t<a href=\"https:\/\/papayagardenhomes.com\/tr\/fitness\/keep-fit-on-holiday\/\" class=\"view-more\">Daha Fazla<i class=\"fa fa-chevron-right\"><\/i><\/a>\n\t\t\t\t\t\t\t\t\t\t\t\t\t<\/div>\n\t\t\t\t\t\n\t\t\t\t<\/div>\n\t\t\t<\/div>\n\t\t\n\t\t\t<div class=\"item-isotope col-xs-12 col-sm-6 col-md-4  diving\">\n\t\t\t\t<div class=\"activiti_item\">\n\t\t\t\t\t<div class=\"img\">\n\t\t\t\t\t\t<a href=\"https:\/\/papayagardenhomes.com\/tr\/diving\/diving-courses\/\"><img width=\"720\" height=\"430\" src=\"https:\/\/papayagardenhomes.com\/wp-content\/uploads\/2015\/08\/dalis_alanya-720x430.jpg\" class=\"attachment-awe-room-slider size-awe-room-slider wp-post-image\" alt=\"\" loading=\"lazy\" \/><\/a>\n\t\t\t\t\t<\/div>\n\n\t\t\t\t\t\t<div class=\"text\">\n\t\t\t\t\t\t\t\n\t\t\t\t\t\t\t<h3 ><a href=\"https:\/\/papayagardenhomes.com\/tr\/diving\/diving-courses\/\">Dal\u0131\u015f Okulu<\/a><\/h3>\n\n\t\t\t\t\t\t\t\n\t\t\t\t\t\t\t\t\t\t\t\t\t\t\t<p><p>Dal\u0131\u015f,su alt\u0131ndaki d\u00fcnyaya merak\u0131 olan b\u00fct\u00fcn insanlar\u0131n vakit ge\u00e7irmeden yapmas\u0131 gereken zevkli, basit ve sportif bir eylemdir.<\/p>\n<\/p>\n\t\t\t\t\t\t\t\t<a href=\"https:\/\/papayagardenhomes.com\/tr\/diving\/diving-courses\/\" class=\"view-more\">Daha Fazla<i class=\"fa fa-chevron-right\"><\/i><\/a>\n\t\t\t\t\t\t\t\t\t\t\t\t\t<\/div>\n\t\t\t\t\t\n\t\t\t\t<\/div>\n\t\t\t<\/div>\n\t\t\t\t\t\t\t<\/div>\n\t\t\t\t<\/div>\n\t\t\t\t\t\t\t<\/div>\n\t\t\t<!-- content content -->\n\t\t<\/div > [\/vc_column][\/vc_row]<\/p>\n<p><\/p>","protected":false},"excerpt":{"rendered":"<p>[vc_row full_width=&#8221;stretch_row&#8221; enable_overlay=&#8221;&#8221; css=&#8221;.vc_custom_1577893532769{padding-top: 150px !important;padding-bottom: 80px !important;background-image: url(http:\/\/papayagardenhomes.com\/wp-content\/uploads\/2020\/01\/header-activities.jpg?id=4221) !important;background-position: center !important;background-repeat: no-repeat !important;background-size: cover !important;}&#8221; el_class=&#8221;lbi-header-cover lbi-pos-x-right lbi-pos-y-center&#8221;][vc_column][\/vc_column][\/vc_row][vc_row css=&#8221;.vc_custom_1504584938216{padding-bottom: 90px !important;}&#8221;][vc_column][\/vc_column][\/vc_row]<\/p>\n","protected":false},"author":1,"featured_media":0,"parent":0,"menu_order":0,"comment_status":"closed","ping_status":"closed","template":"","meta":[],"_links":{"self":[{"href":"https:\/\/papayagardenhomes.com\/tr\/wp-json\/wp\/v2\/pages\/92"}],"collection":[{"href":"https:\/\/papayagardenhomes.com\/tr\/wp-json\/wp\/v2\/pages"}],"about":[{"href":"https:\/\/papayagardenhomes.com\/tr\/wp-json\/wp\/v2\/types\/page"}],"author":[{"embeddable":true,"href":"https:\/\/papayagardenhomes.com\/tr\/wp-json\/wp\/v2\/users\/1"}],"replies":[{"embeddable":true,"href":"https:\/\/papayagardenhomes.com\/tr\/wp-json\/wp\/v2\/comments?post=92"}],"version-history":[{"count":4,"href":"https:\/\/papayagardenhomes.com\/tr\/wp-json\/wp\/v2\/pages\/92\/revisions"}],"predecessor-version":[{"id":4231,"href":"https:\/\/papayagardenhomes.com\/tr\/wp-json\/wp\/v2\/pages\/92\/revisions\/4231"}],"wp:attachment":[{"href":"https:\/\/papayagardenhomes.com\/tr\/wp-json\/wp\/v2\/media?parent=92"}],"curies":[{"name":"wp","href":"https:\/\/api.w.org\/{rel}","templated":true}]}}